{"id":7057,"date":"2024-09-17T07:19:40","date_gmt":"2024-09-17T05:19:40","guid":{"rendered":"https:\/\/avocadoreal.com\/contact\/"},"modified":"2026-02-19T12:36:27","modified_gmt":"2026-02-19T11:36:27","slug":"contact","status":"publish","type":"page","link":"https:\/\/avocadoreal.com\/en\/contact\/","title":{"rendered":"Contact"},"content":{"rendered":"\t\t<div data-elementor-type=\"wp-page\" data-elementor-id=\"7057\" class=\"elementor elementor-7057 elementor-3687\" data-elementor-post-type=\"page\">\n\t\t\t\t\t\t<section class=\"elementor-section elementor-top-section elementor-element elementor-element-d836903 elementor-section-boxed elementor-section-height-default elementor-section-height-default rt-parallax-bg-no\" data-id=\"d836903\" data-element_type=\"section\" data-e-type=\"section\">\n\t\t\t\t\t\t<div class=\"elementor-container elementor-column-gap-default\">\n\t\t\t\t\t<div class=\"elementor-column elementor-col-50 elementor-top-column elementor-element elementor-element-0b4e4ca\" data-id=\"0b4e4ca\" data-element_type=\"column\" data-e-type=\"column\" data-settings=\"{&quot;background_background&quot;:&quot;classic&quot;}\">\n\t\t\t<div class=\"elementor-widget-wrap elementor-element-populated\">\n\t\t\t\t\t\t<div class=\"elementor-element elementor-element-6c398b7 elementor-widget elementor-widget-heading\" data-id=\"6c398b7\" data-element_type=\"widget\" data-e-type=\"widget\" data-widget_type=\"heading.default\">\n\t\t\t\t\t<span class=\"elementor-heading-title elementor-size-default\">Contact<\/span>\t\t\t\t<\/div>\n\t\t\t\t<div class=\"elementor-element elementor-element-0dacedb elementor-widget elementor-widget-heading\" data-id=\"0dacedb\" data-element_type=\"widget\" data-e-type=\"widget\" data-widget_type=\"heading.default\">\n\t\t\t\t\t<h2 class=\"elementor-heading-title elementor-size-default\">Do you have any questions? We are here to help!\n<\/h2>\t\t\t\t<\/div>\n\t\t\t\t<div class=\"elementor-element elementor-element-411282f elementor-widget elementor-widget-rt-info-box\" data-id=\"411282f\" data-element_type=\"widget\" data-e-type=\"widget\" data-widget_type=\"rt-info-box.default\">\n\t\t\t\t<div class=\"elementor-widget-container\">\n\t\t\t\t\t\r\n<div class=\"rt-info-box rt-info-layout-1\">\r\n    <div class=\"info-box\">\r\n\r\n                <div class=\"info-icon-holder icon-holder\">\r\n\t\t\t<div class='icon-wrap'><svg xmlns=\"http:\/\/www.w3.org\/2000\/svg\" width=\"21\" height=\"25\" viewBox=\"0 0 21 25\" fill=\"none\"><path d=\"M10.2852 23.1429L9.88694 23.7784L10.2801 24.0247L10.676 23.783L10.2852 23.1429ZM1.00432 10.3925L0.25471 10.4166L1.00432 10.3925ZM19.5672 10.3925L18.8176 10.3686L19.5672 10.3925ZM14.1296 10.6427C14.1296 8.55721 12.3812 6.91593 10.2864 6.91593V8.41593C11.6077 8.41593 12.6296 9.43951 12.6296 10.6427H14.1296ZM10.2864 6.91593C8.19047 6.91593 6.44194 8.55701 6.44194 10.6427H7.94194C7.94194 9.43971 8.96357 8.41593 10.2864 8.41593V6.91593ZM6.44194 10.6427C6.44194 12.7274 8.19068 14.3683 10.2864 14.3683V12.8683C8.96337 12.8683 7.94194 11.8444 7.94194 10.6427H6.44194ZM10.2864 14.3683C12.381 14.3683 14.1296 12.7272 14.1296 10.6427H12.6296C12.6296 11.8446 11.6079 12.8683 10.2864 12.8683V14.3683ZM10.2852 23.1429C10.6834 22.5073 10.6835 22.5074 10.6836 22.5075C10.6836 22.5075 10.6837 22.5075 10.6837 22.5075C10.6836 22.5075 10.6834 22.5073 10.6831 22.5071C10.6825 22.5067 10.6813 22.506 10.6796 22.5049C10.6762 22.5028 10.6706 22.4992 10.663 22.4944C10.6478 22.4846 10.6243 22.4695 10.5931 22.4492C10.5308 22.4085 10.4376 22.3469 10.318 22.2655C10.0787 22.1024 9.73403 21.8602 9.31855 21.547C8.48639 20.9198 7.37635 20.0127 6.2619 18.8928C4.00392 16.6239 1.85846 13.6118 1.75393 10.3683L0.25471 10.4166C0.378286 14.2511 2.87325 17.6142 5.19867 19.9509C6.37592 21.1339 7.54332 22.0873 8.41568 22.7449C8.85246 23.0741 9.21681 23.3303 9.47349 23.5051C9.60187 23.5926 9.70343 23.6598 9.77377 23.7056C9.80895 23.7286 9.83633 23.7462 9.85538 23.7584C9.8649 23.7645 9.87233 23.7692 9.87762 23.7725C9.88026 23.7742 9.88236 23.7755 9.88392 23.7765C9.8847 23.777 9.88534 23.7774 9.88584 23.7777C9.8861 23.7779 9.88637 23.778 9.8865 23.7781C9.88673 23.7783 9.88694 23.7784 10.2852 23.1429ZM1.75393 10.3683C1.60779 5.83352 5.57082 1.75 10.2852 1.75V0.25C4.74683 0.25 0.0805232 5.01173 0.25471 10.4166L1.75393 10.3683ZM10.2852 1.75C14.9993 1.75 18.9617 5.83334 18.8176 10.3686L20.3169 10.4163C20.4885 5.01177 15.8237 0.25 10.2852 0.25V1.75ZM18.8176 10.3686C18.7122 13.686 16.5643 16.6985 14.3107 18.9452C13.1972 20.0551 12.0882 20.9481 11.2569 21.5636C10.8419 21.8709 10.4976 22.1079 10.2587 22.2671C10.1393 22.3467 10.0463 22.4067 9.98411 22.4464C9.95302 22.4661 9.92962 22.4808 9.91448 22.4903C9.9069 22.495 9.90139 22.4984 9.89801 22.5005C9.89632 22.5015 9.89517 22.5022 9.89455 22.5026C9.89424 22.5028 9.89407 22.5029 9.89403 22.5029C9.89401 22.5029 9.89409 22.5029 9.89408 22.5029C9.89419 22.5028 9.89433 22.5027 10.2852 23.1429C10.676 23.783 10.6762 23.7828 10.6765 23.7827C10.6766 23.7826 10.6769 23.7824 10.6771 23.7823C10.6777 23.782 10.6783 23.7816 10.6791 23.7811C10.6807 23.7801 10.6828 23.7788 10.6855 23.7772C10.6908 23.7739 10.6983 23.7693 10.7078 23.7633C10.7269 23.7514 10.7544 23.7341 10.7897 23.7117C10.8602 23.6668 10.9619 23.601 11.0905 23.5154C11.3475 23.3441 11.7123 23.0928 12.1495 22.7691C13.0228 22.1225 14.1913 21.1822 15.3697 20.0075C17.6997 17.6847 20.1928 14.3219 20.3169 10.4163L18.8176 10.3686Z\" fill=\"#18A558\"><\/path><\/svg><\/div>\r\n        <\/div>\r\n        \r\n        <div class=\"info-content-holder\">\r\n\t\t\t                <h3 class=\"info-title\">Address<\/h3>\r\n\t\t\t\r\n\t\t\t                <div class=\"content-holder\"><p>C\u00f3rdoba, Andalusia, Spain.\n*Online sales throughout Spain and Europe.*\n<\/p><\/div>\r\n\t\t\t\r\n\t\t\t        <\/div>\r\n            <\/div>\r\n<\/div>\t\t\t\t<\/div>\n\t\t\t\t<\/div>\n\t\t\t\t<div class=\"elementor-element elementor-element-55fa2ef elementor-widget elementor-widget-rt-info-box\" data-id=\"55fa2ef\" data-element_type=\"widget\" data-e-type=\"widget\" data-widget_type=\"rt-info-box.default\">\n\t\t\t\t<div class=\"elementor-widget-container\">\n\t\t\t\t\t\r\n<div class=\"rt-info-box rt-info-layout-1\">\r\n    <div class=\"info-box\">\r\n\r\n                <div class=\"info-icon-holder icon-holder\">\r\n\t\t\t<div class='icon-wrap'><i aria-hidden=\"true\" class=\" icon-rt-phone\"><\/i><\/div>\r\n        <\/div>\r\n        \r\n        <div class=\"info-content-holder\">\r\n\t\t\t                <h3 class=\"info-title\">Phone<\/h3>\r\n\t\t\t\r\n\t\t\t                <div class=\"content-holder\"><p>+34 634191995\n<\/p><\/div>\r\n\t\t\t\r\n\t\t\t        <\/div>\r\n            <\/div>\r\n<\/div>\t\t\t\t<\/div>\n\t\t\t\t<\/div>\n\t\t\t\t<div class=\"elementor-element elementor-element-067e2ca elementor-widget elementor-widget-rt-info-box\" data-id=\"067e2ca\" data-element_type=\"widget\" data-e-type=\"widget\" data-widget_type=\"rt-info-box.default\">\n\t\t\t\t<div class=\"elementor-widget-container\">\n\t\t\t\t\t\r\n<div class=\"rt-info-box rt-info-layout-1\">\r\n    <div class=\"info-box\">\r\n\r\n                <div class=\"info-icon-holder icon-holder\">\r\n\t\t\t<div class='icon-wrap'><svg xmlns=\"http:\/\/www.w3.org\/2000\/svg\" width=\"20\" height=\"15\" viewBox=\"0 0 20 15\" fill=\"none\"><path fill-rule=\"evenodd\" clip-rule=\"evenodd\" d=\"M1.95294 0.857143C1.62458 0.857143 1.30966 0.987129 1.07747 1.21851C0.845286 1.44988 0.714844 1.76369 0.714844 2.09091V13.1948C0.714844 13.522 0.845286 13.8358 1.07747 14.0672C1.30966 14.2986 1.62458 14.4286 1.95294 14.4286H18.0482C18.3765 14.4286 18.6915 14.2986 18.9236 14.0672C19.1558 13.8358 19.2863 13.522 19.2863 13.1948V2.09091C19.2863 1.76369 19.1558 1.44988 18.9236 1.21851C18.6915 0.987129 18.3765 0.857143 18.0482 0.857143H1.95294ZM1.95294 2.09091H18.0482V3.23214C17.9425 3.23202 17.839 3.26198 17.7498 3.31851L10.0006 8.21903L2.25132 3.31851C2.16215 3.26198 2.05863 3.23202 1.95294 3.23214V2.09091ZM1.95294 4.44494V13.1948H18.0482V4.44494L10.2989 9.34546C10.2097 9.40185 10.1062 9.43179 10.0006 9.43179C9.8949 9.43179 9.79141 9.40185 9.70218 9.34546L1.95294 4.44494Z\" fill=\"#18A558\"><\/path><\/svg><\/div>\r\n        <\/div>\r\n        \r\n        <div class=\"info-content-holder\">\r\n\t\t\t                <h3 class=\"info-title\">Email<\/h3>\r\n\t\t\t\r\n\t\t\t                <div class=\"content-holder\"><p>info@avocadoreal.com\n<\/p><\/div>\r\n\t\t\t\r\n\t\t\t        <\/div>\r\n            <\/div>\r\n<\/div>\t\t\t\t<\/div>\n\t\t\t\t<\/div>\n\t\t\t\t\t<\/div>\n\t\t<\/div>\n\t\t\t\t<div class=\"elementor-column elementor-col-50 elementor-top-column elementor-element elementor-element-ad6f26c\" data-id=\"ad6f26c\" data-element_type=\"column\" data-e-type=\"column\">\n\t\t\t<div class=\"elementor-widget-wrap elementor-element-populated\">\n\t\t\t\t\t\t<div class=\"elementor-element elementor-element-c1998bf elementor-widget elementor-widget-heading\" data-id=\"c1998bf\" data-element_type=\"widget\" data-e-type=\"widget\" data-widget_type=\"heading.default\">\n\t\t\t\t\t<h3 class=\"elementor-heading-title elementor-size-default\">Send us a message\n<\/h3>\t\t\t\t<\/div>\n\t\t\t\t<div class=\"elementor-element elementor-element-29443e8 elementor-widget elementor-widget-text-editor\" data-id=\"29443e8\" data-element_type=\"widget\" data-e-type=\"widget\" data-widget_type=\"text-editor.default\">\n\t\t\t\t\t\t\t\t\t<p data-start=\"256\" data-end=\"322\">Do you have any questions, collaboration proposals, or suggestions?<\/p><p data-start=\"329\" data-end=\"404\">We are here to help you. Ask us anything you need, with no obligation. <\/p><p data-start=\"411\" data-end=\"473\">Fill out the form and we will respond within 24 hours.<\/p>\t\t\t\t\t\t\t\t<\/div>\n\t\t\t\t<div class=\"elementor-element elementor-element-d68ff1d elementor-widget elementor-widget-shortcode\" data-id=\"d68ff1d\" data-element_type=\"widget\" data-e-type=\"widget\" data-widget_type=\"shortcode.default\">\n\t\t\t\t\t\t\t<div class=\"elementor-shortcode\"><div class='fluentform ff-default fluentform_wrapper_3 ffs_default_wrap'><form data-form_id=\"3\" id=\"fluentform_3\" class=\"frm-fluent-form fluent_form_3 ff-el-form-top ff_form_instance_3_1 ff-form-loading ffs_default\" data-form_instance=\"ff_form_instance_3_1\" method=\"POST\" ><fieldset  style=\"border: none!important;margin: 0!important;padding: 0!important;background-color: transparent!important;box-shadow: none!important;outline: none!important; min-inline-size: 100%;\">\n                    <legend class=\"ff_screen_reader_title\" style=\"display: block; margin: 0!important;padding: 0!important;height: 0!important;text-indent: -999999px;width: 0!important;overflow:hidden;\">Form Contacto<\/legend>        <div\n                style=\"display: none!important; position: absolute!important; transform: translateX(1000%)!important;\"\n                class=\"ff-el-group ff-hpsf-container\"\n        >\n            <div class=\"ff-el-input--label asterisk-right\">\n                <label for=\"ff_3_item_sf\" aria-label=\"Updates\">\n                    Updates                <\/label>\n            <\/div>\n            <div class=\"ff-el-input--content\">\n                <input type=\"text\"\n                       name=\"item_3__fluent_sf\"\n                       class=\"ff-el-form-control\"\n                       id=\"ff_3_item_sf\"\n                \/>\n            <\/div>\n        <\/div>\n                <input type=\"hidden\" id=\"__fluent_protection_token_3\" class=\"fluent-form-token-field\" name=\"__fluent_protection_token_3\">\n        <input type='hidden' name='__fluent_form_embded_post_id' value='7057' \/><input type=\"hidden\" id=\"_fluentform_3_fluentformnonce\" name=\"_fluentform_3_fluentformnonce\" value=\"142ca762ec\" \/><input type=\"hidden\" name=\"_wp_http_referer\" value=\"\/en\/wp-json\/wp\/v2\/pages\/7057\" \/><div data-name=\"ff_cn_id_1\"  class='ff-t-container ff-column-container ff_columns_total_2 '><div class='ff-t-cell ff-t-column-1' style='flex-basis: 50%;'><div class='ff-el-group'><div class=\"ff-el-input--label ff-el-is-required asterisk-right\"><label for='ff_3_input_text' id='label_ff_3_input_text' aria-label=\"Nombre\">Nombre<\/label><\/div><div class='ff-el-input--content'><input type=\"text\" name=\"input_text\" class=\"ff-el-form-control\" placeholder=\"Nombre\" data-name=\"input_text\" id=\"ff_3_input_text\"  aria-invalid=\"false\" aria-required=true><\/div><\/div><\/div><div class='ff-t-cell ff-t-column-2' style='flex-basis: 50%;'><div class='ff-el-group'><div class=\"ff-el-input--label ff-el-is-required asterisk-right\"><label for='ff_3_email' id='label_ff_3_email' aria-label=\"Correo electr\u00f3nico\">Correo electr\u00f3nico<\/label><\/div><div class='ff-el-input--content'><input type=\"email\" name=\"email\" id=\"ff_3_email\" class=\"ff-el-form-control\" placeholder=\"Correo electr\u00f3nico\" data-name=\"email\"  aria-invalid=\"false\" aria-required=true><\/div><\/div><\/div><\/div><div data-name=\"ff_cn_id_2\"  class='ff-t-container ff-column-container ff_columns_total_2 '><div class='ff-t-cell ff-t-column-1' style='flex-basis: 50%;'><div class='ff-el-group'><div class=\"ff-el-input--label asterisk-right\"><label for='ff_3_input_text_1' id='label_ff_3_input_text_1' aria-label=\"Tel\u00e9fono\">Tel\u00e9fono<\/label><\/div><div class='ff-el-input--content'><input type=\"text\" name=\"input_text_1\" class=\"ff-el-form-control\" placeholder=\"Tel\u00e9fono\" data-name=\"input_text_1\" id=\"ff_3_input_text_1\"  aria-invalid=\"false\" aria-required=false><\/div><\/div><\/div><div class='ff-t-cell ff-t-column-2' style='flex-basis: 50%;'><div class='ff-el-group'><div class=\"ff-el-input--label asterisk-right\"><label for='ff_3_input_text_2' id='label_ff_3_input_text_2' aria-label=\"Asunto\">Asunto<\/label><\/div><div class='ff-el-input--content'><input type=\"text\" name=\"input_text_2\" class=\"ff-el-form-control\" placeholder=\"Asunto\" data-name=\"input_text_2\" id=\"ff_3_input_text_2\"  aria-invalid=\"false\" aria-required=false><\/div><\/div><\/div><\/div><div class='ff-el-group'><div class=\"ff-el-input--label ff-el-is-required asterisk-right\"><label for='ff_3_message' id='label_ff_3_message' aria-label=\"Mensaje\">Mensaje<\/label><\/div><div class='ff-el-input--content'><textarea aria-required=\"true\" aria-labelledby=\"label_ff_3_message\" name=\"message\" id=\"ff_3_message\" class=\"ff-el-form-control\" placeholder=\"Tu mensaje\" rows=\"4\" cols=\"2\" data-name=\"message\" ><\/textarea><\/div><\/div><div class='ff-el-group ff-el-form-hide_label'><div class=\"ff-el-input--label ff-el-is-required asterisk-right\"><label   aria-label=\"Checkbox Field\">Checkbox Field<\/label><\/div><div class='ff-el-input--content'><div class='ff-el-form-check ff-el-form-check-'><label class='ff-el-form-check-label' for='checkbox_5f3e5eec100ccce99cd55b928ef04660'><input  type=\"checkbox\" name=\"checkbox[]\" data-name=\"checkbox\" class=\"ff-el-form-check-input ff-el-form-check-checkbox\" value=\"He le\u00eddo y acepto la pol\u00edtica de privacidad\"  id='checkbox_5f3e5eec100ccce99cd55b928ef04660' aria-label='He le\u00eddo y acepto la pol\u00edtica de privacidad' aria-invalid='false' aria-required=true> <span>He le\u00eddo y acepto la pol\u00edtica de privacidad<\/span><\/label><\/div><\/div><\/div><div class='ff-el-group ' ><div class='ff-el-input--content'><div data-fluent_id='3' name='g-recaptcha-response'><div\n\t\tdata-sitekey='6Lem4G8sAAAAACeLoSSA7XEXSlHjpTwZvsTgAy8c'\n\t\tid='fluentform-recaptcha-3-1'\n\t\tclass='ff-el-recaptcha g-recaptcha'\n\t\tdata-callback='fluentFormrecaptchaSuccessCallback'><\/div><\/div><\/div><\/div><div class='ff-el-group ff-text-left ff_submit_btn_wrapper'><button type=\"submit\" class=\"ff-btn ff-btn-submit ff-btn-md ff_btn_style wpf_has_custom_css\"  aria-label=\"Enviar mensaje\">Enviar mensaje<\/button><\/div><\/fieldset><\/form><div id='fluentform_3_errors' class='ff-errors-in-stack ff_form_instance_3_1 ff-form-loading_errors ff_form_instance_3_1_errors'><\/div><\/div>            <script type=\"text\/javascript\">\n                window.fluent_form_ff_form_instance_3_1 = {\"id\":\"3\",\"settings\":{\"layout\":{\"labelPlacement\":\"top\",\"helpMessagePlacement\":\"with_label\",\"errorMessagePlacement\":\"inline\",\"cssClassName\":\"\",\"asteriskPlacement\":\"asterisk-right\"},\"restrictions\":{\"denyEmptySubmission\":{\"enabled\":false}}},\"form_instance\":\"ff_form_instance_3_1\",\"form_id_selector\":\"fluentform_3\",\"rules\":{\"input_text\":{\"required\":{\"value\":true,\"message\":\"Este campo es obligatorio\",\"global_message\":\"Este campo es obligatorio\",\"global\":true}},\"email\":{\"required\":{\"value\":true,\"message\":\"This field is required\",\"global\":false,\"global_message\":\"Este campo es obligatorio\"},\"email\":{\"value\":true,\"message\":\"This field must contain a valid email\",\"global\":false,\"global_message\":\"Este campo debe contener un correo electr\\u00f3nico v\\u00e1lido\"}},\"input_text_1\":{\"required\":{\"value\":false,\"message\":\"Este campo es obligatorio\",\"global_message\":\"Este campo es obligatorio\",\"global\":true}},\"input_text_2\":{\"required\":{\"value\":false,\"message\":\"Este campo es obligatorio\",\"global_message\":\"Este campo es obligatorio\",\"global\":true}},\"message\":{\"required\":{\"value\":true,\"message\":\"This field is required\",\"global\":false,\"global_message\":\"Este campo es obligatorio\"}},\"checkbox\":{\"required\":{\"value\":true,\"message\":\"Este campo es obligatorio\",\"global_message\":\"Este campo es obligatorio\",\"global\":true}}},\"debounce_time\":300};\n                            <\/script>\n            <\/div>\n\t\t\t\t\t\t<\/div>\n\t\t\t\t\t<\/div>\n\t\t<\/div>\n\t\t\t\t\t<\/div>\n\t\t<\/section>\n\t\t<div class=\"elementor-element elementor-element-eee21e8 e-flex e-con-boxed e-con e-parent\" data-id=\"eee21e8\" data-element_type=\"container\" data-e-type=\"container\">\n\t\t\t\t\t<div class=\"e-con-inner\">\n\t\t<div class=\"elementor-element elementor-element-395c646 e-con-full e-flex e-con e-child\" data-id=\"395c646\" data-element_type=\"container\" data-e-type=\"container\">\n\t\t\t\t<div class=\"elementor-element elementor-element-f3f1fb2 elementor-widget elementor-widget-google_maps\" data-id=\"f3f1fb2\" data-element_type=\"widget\" data-e-type=\"widget\" data-widget_type=\"google_maps.default\">\n\t\t\t\t\t\t\t<div class=\"elementor-custom-embed\">\n\t\t\t<iframe loading=\"lazy\"\n\t\t\t\t\tsrc=\"https:\/\/maps.google.com\/maps?q=C%C3%B3rdoba%2C%20espa%C3%B1a&#038;t=m&#038;z=10&#038;output=embed&#038;iwloc=near\"\n\t\t\t\t\ttitle=\"C\u00f3rdoba, espa\u00f1a\"\n\t\t\t\t\taria-label=\"C\u00f3rdoba, espa\u00f1a\"\n\t\t\t><\/iframe>\n\t\t<\/div>\n\t\t\t\t\t\t<\/div>\n\t\t\t\t<\/div>\n\t\t\t\t\t<\/div>\n\t\t\t\t<\/div>\n\t\t\t\t<\/div>\n\t\t","protected":false},"excerpt":{"rendered":"<p>Contact Do you have any questions? We are here to help! Address C\u00f3rdoba, Andalusia, Spain. *Online sales throughout Spain and Europe.* Phone +34 634191995 Email info@avocadoreal.com Send us a message Do you have any questions, collaboration proposals, or suggestions? We are here to help you. Ask us anything you need, with no obligation. Fill out [&hellip;]<\/p>\n","protected":false},"author":1,"featured_media":0,"parent":0,"menu_order":0,"comment_status":"closed","ping_status":"closed","template":"elementor_header_footer","meta":{"footnotes":""},"class_list":["post-7057","page","type-page","status-publish","hentry"],"_links":{"self":[{"href":"https:\/\/avocadoreal.com\/en\/wp-json\/wp\/v2\/pages\/7057","targetHints":{"allow":["GET"]}}],"collection":[{"href":"https:\/\/avocadoreal.com\/en\/wp-json\/wp\/v2\/pages"}],"about":[{"href":"https:\/\/avocadoreal.com\/en\/wp-json\/wp\/v2\/types\/page"}],"author":[{"embeddable":true,"href":"https:\/\/avocadoreal.com\/en\/wp-json\/wp\/v2\/users\/1"}],"replies":[{"embeddable":true,"href":"https:\/\/avocadoreal.com\/en\/wp-json\/wp\/v2\/comments?post=7057"}],"version-history":[{"count":4,"href":"https:\/\/avocadoreal.com\/en\/wp-json\/wp\/v2\/pages\/7057\/revisions"}],"predecessor-version":[{"id":7737,"href":"https:\/\/avocadoreal.com\/en\/wp-json\/wp\/v2\/pages\/7057\/revisions\/7737"}],"wp:attachment":[{"href":"https:\/\/avocadoreal.com\/en\/wp-json\/wp\/v2\/media?parent=7057"}],"curies":[{"name":"wp","href":"https:\/\/api.w.org\/{rel}","templated":true}]}}